{"id":429,"date":"2025-07-17T22:53:59","date_gmt":"2025-07-17T22:53:59","guid":{"rendered":"https:\/\/colombiaventura.co\/blog\/"},"modified":"2025-08-30T04:05:22","modified_gmt":"2025-08-30T04:05:22","slug":"blog","status":"publish","type":"page","link":"https:\/\/colombiaventura.co\/en\/blog\/","title":{"rendered":"Blog"},"content":{"rendered":"\t\t<div data-elementor-type=\"wp-page\" data-elementor-id=\"429\" class=\"elementor elementor-429 elementor-152\" data-elementor-post-type=\"page\">\n\t\t\t\t<div class=\"elementor-element elementor-element-c0b2c32 e-con-full e-flex e-con e-parent\" data-id=\"c0b2c32\" data-element_type=\"container\" data-settings=\"{&quot;background_background&quot;:&quot;classic&quot;}\">\n\t\t\t\t<div class=\"elementor-element elementor-element-1aa5045 elementor-widget__width-initial animated-slow elementor-invisible elementor-widget elementor-widget-heading\" data-id=\"1aa5045\" data-element_type=\"widget\" data-settings=\"{&quot;_animation&quot;:&quot;fadeInLeft&quot;,&quot;_animation_delay&quot;:200}\" data-widget_type=\"heading.default\">\n\t\t\t\t\t<h2 class=\"elementor-heading-title elementor-size-default\">Blog<\/h2>\t\t\t\t<\/div>\n\t\t\t\t<div class=\"elementor-element elementor-element-caf9acc animated-slow elementor-invisible elementor-widget elementor-widget-text-editor\" data-id=\"caf9acc\" data-element_type=\"widget\" data-settings=\"{&quot;_animation&quot;:&quot;fadeInLeft&quot;,&quot;_animation_delay&quot;:400}\" data-widget_type=\"text-editor.default\">\n\t\t\t\t\t\t\t\t\tYour Travel Guide Through Colombia\t\t\t\t\t\t\t\t<\/div>\n\t\t\t\t<\/div>\n\t\t<div class=\"elementor-element elementor-element-aa87897 e-con-full e-flex e-con e-parent\" data-id=\"aa87897\" data-element_type=\"container\">\n\t\t\t\t<div class=\"elementor-element elementor-element-ec31e86 elementor-widget elementor-widget-spacer\" data-id=\"ec31e86\" data-element_type=\"widget\" data-widget_type=\"spacer.default\">\n\t\t\t\t\t\t\t<div class=\"elementor-spacer\">\n\t\t\t<div class=\"elementor-spacer-inner\"><\/div>\n\t\t<\/div>\n\t\t\t\t\t\t<\/div>\n\t\t\t\t<div class=\"elementor-element elementor-element-57897bd elementor-widget elementor-widget-ucaddon_uc_card_post_carousel\" data-id=\"57897bd\" data-element_type=\"widget\" data-widget_type=\"ucaddon_uc_card_post_carousel.default\">\n\t\t\t\t<div class=\"elementor-widget-container\">\n\t\t\t\t\t\n<!-- start Post Carousel Lite -->\n\t\t<link id='font-awesome-css' href='https:\/\/colombiaventura.co\/wp-content\/plugins\/unlimited-elements-for-elementor-premium\/assets_libraries\/font-awesome6\/fontawesome-all.min.css' type='text\/css' rel='stylesheet' >\n\t\t<link id='font-awesome-4-shim-css' href='https:\/\/colombiaventura.co\/wp-content\/plugins\/unlimited-elements-for-elementor-premium\/assets_libraries\/font-awesome6\/fontawesome-v4-shims.min.css' type='text\/css' rel='stylesheet' >\n\t\t<link id='owl-carousel-css' href='https:\/\/colombiaventura.co\/wp-content\/plugins\/unlimited-elements-for-elementor-premium\/assets_libraries\/owl-carousel-new\/assets\/owl.carousel.css' type='text\/css' rel='stylesheet' >\n\n<style>\/* widget: Post Carousel Lite *\/\n\n#uc_uc_card_post_carousel_elementor_57897bd *{\n  box-sizing:border-box;\n}\n#uc_uc_card_post_carousel_elementor_57897bd{\n  position:relative;\n  min-height:1px;\n}\n#uc_uc_card_post_carousel_elementor_57897bd .uc_image_carousel_content{\n\ttext-align:center;\n    display: flex;\n     flex-flow: column nowrap;\n}\n#uc_uc_card_post_carousel_elementor_57897bd .ue_post_carousel_item\n{\n  overflow:hidden;\n  \n}\n#uc_uc_card_post_carousel_elementor_57897bd .uc_image_carousel_bg {\n  background-repeat: no-repeat;\n}\n#uc_uc_card_post_carousel_elementor_57897bd .uc_image_carousel_placeholder a{\n  width:100%;\n}\n#uc_uc_card_post_carousel_elementor_57897bd .uc_image_carousel_bg{\n  width:100%;\n}\n#uc_uc_card_post_carousel_elementor_57897bd .uc_image_carousel_placeholder{\n  overflow:hidden;\n}\n\n#uc_uc_card_post_carousel_elementor_57897bd .ue_post_btn_holder\n{\n  margin-top:auto;\n}\n\n#uc_uc_card_post_carousel_elementor_57897bd .uc_more_btn{\n\n  display:inline-block;\n  text-align:center;\n  text-decoration:none;\n} \n\n.uc_overlay_image_carousel .uc_more_btn{\n  text-decoration:none;\n  display:inline-block;\n}\n\n.uc_overlay_image_carousel .uc_post_title{\n  font-size:21px;\n  text-decoration:none;\n}\n\n#uc_uc_card_post_carousel_elementor_57897bd .owl-nav .owl-prev{\n    position:absolute;\n    display:inline-block;\n    text-align:center;\n}\n#uc_uc_card_post_carousel_elementor_57897bd .owl-nav .owl-next{\n  position:absolute;\n  display:inline-block;\n  text-align:center;\n}\n\n\n#uc_uc_card_post_carousel_elementor_57897bd .owl-dots {\noverflow:hidden;\ndisplay:true !important;\ntext-align:center;\n}\n\n#uc_uc_card_post_carousel_elementor_57897bd .owl-dot {\nborder-radius:50%;\ndisplay:inline-block;\n}\n\t#uc_uc_card_post_carousel_elementor_57897bd .owl-stage\n        {\n            transition-timing-function: linear!important;\n        }\n\n\n\n<\/style>\n\n<div class=\"uc_overlay_image_carousel  \" id=\"uc_uc_card_post_carousel_elementor_57897bd\" data-custom-sethtml=\"true\" >\n   <div class=\"uc_carousel owl-carousel owl-theme uc-items-wrapper\">\n   \t\t<div id=\"uc_uc_card_post_carousel_elementor_57897bd_item1\" class=\"uc_image_carousel_container_holder ue_post_carousel_item ue-Sin categor\u00eda\">\n  <div class=\"uc_image_carousel_placeholder\">\n    <a href=\"https:\/\/colombiaventura.co\/en\/unmissable-destinations-in-antioquia-nature-culture-and-tradition-in-every-corner\/\"><div class=\"uc_image_carousel_bg\" style=\"background-image:url(https:\/\/colombiaventura.co\/wp-content\/uploads\/2025\/07\/Pueblos-para-hacer-turismo-en-Antioquia.webp); background-position:center;\"><\/div><\/a>\n  <\/div>\n\n  <div class=\"uc_image_carousel_content\" >\n    <div class=\"ue_post_category\"><a href=\"https:\/\/colombiaventura.co\/en\/category\/sin-categoria\/\">Sin categor\u00eda<\/a><\/div>            <a href=\"https:\/\/colombiaventura.co\/en\/unmissable-destinations-in-antioquia-nature-culture-and-tradition-in-every-corner\/\" style=\"text-decoration:none;\"><div class=\"uc_post_title\" style=\"text-decoration:none;\">Unmissable Destinations in Antioquia: Nature, Culture, and Tradition in Every Corner<\/div><\/a>    <div class=\"ue_post_intro\">Antioquia, one of the most diverse departments in Colombia, is much more than Medell\u00edn. From colonial...<\/div>    \n    <div class=\"ue_post_btn_holder\"><a class=\"uc_more_btn ue-dynamic-popup-single \" href='https:\/\/colombiaventura.co\/en\/unmissable-destinations-in-antioquia-nature-culture-and-tradition-in-every-corner\/' href=\"https:\/\/colombiaventura.co\/en\/unmissable-destinations-in-antioquia-nature-culture-and-tradition-in-every-corner\/\" target=\"_self\">Read more<\/a><\/div>    \n  <\/div>\n  \n    \n<\/div>\n<div id=\"uc_uc_card_post_carousel_elementor_57897bd_item2\" class=\"uc_image_carousel_container_holder ue_post_carousel_item ue-Sin categor\u00eda\">\n  <div class=\"uc_image_carousel_placeholder\">\n    <a href=\"https:\/\/colombiaventura.co\/en\/the-gastronomic-revolution-in-the-coffee-region\/\"><div class=\"uc_image_carousel_bg\" style=\"background-image:url(https:\/\/colombiaventura.co\/wp-content\/uploads\/2025\/07\/Salento-1080x675-1.webp); background-position:center;\"><\/div><\/a>\n  <\/div>\n\n  <div class=\"uc_image_carousel_content\" >\n    <div class=\"ue_post_category\"><a href=\"https:\/\/colombiaventura.co\/en\/category\/sin-categoria\/\">Sin categor\u00eda<\/a><\/div>            <a href=\"https:\/\/colombiaventura.co\/en\/the-gastronomic-revolution-in-the-coffee-region\/\" style=\"text-decoration:none;\"><div class=\"uc_post_title\" style=\"text-decoration:none;\">The Gastronomic Revolution in the Coffee Region<\/div><\/a>    <div class=\"ue_post_intro\">The Colombian Coffee Region\u2014made up of the departments of Caldas, Risaralda, and Quind\u00edo\u2014has historically...<\/div>    \n    <div class=\"ue_post_btn_holder\"><a class=\"uc_more_btn ue-dynamic-popup-single \" href='https:\/\/colombiaventura.co\/en\/the-gastronomic-revolution-in-the-coffee-region\/' href=\"https:\/\/colombiaventura.co\/en\/the-gastronomic-revolution-in-the-coffee-region\/\" target=\"_self\">Read more<\/a><\/div>    \n  <\/div>\n  \n    \n<\/div>\n<div id=\"uc_uc_card_post_carousel_elementor_57897bd_item3\" class=\"uc_image_carousel_container_holder ue_post_carousel_item ue-Sin categor\u00eda\">\n  <div class=\"uc_image_carousel_placeholder\">\n    <a href=\"https:\/\/colombiaventura.co\/en\/rediscovering-the-natural-destinations-of-antioquia\/\"><div class=\"uc_image_carousel_bg\" style=\"background-image:url(https:\/\/colombiaventura.co\/wp-content\/uploads\/2025\/07\/guatape-paisaje-antioquia-800.webp); background-position:center;\"><\/div><\/a>\n  <\/div>\n\n  <div class=\"uc_image_carousel_content\" >\n    <div class=\"ue_post_category\"><a href=\"https:\/\/colombiaventura.co\/en\/category\/sin-categoria\/\">Sin categor\u00eda<\/a><\/div>            <a href=\"https:\/\/colombiaventura.co\/en\/rediscovering-the-natural-destinations-of-antioquia\/\" style=\"text-decoration:none;\"><div class=\"uc_post_title\" style=\"text-decoration:none;\">Rediscovering the Natural Destinations of Antioquia<\/div><\/a>    <div class=\"ue_post_intro\">Antioquia, a land of mountains, rivers, and biodiversity, holds a natural richness in its geography that...<\/div>    \n    <div class=\"ue_post_btn_holder\"><a class=\"uc_more_btn ue-dynamic-popup-single \" href='https:\/\/colombiaventura.co\/en\/rediscovering-the-natural-destinations-of-antioquia\/' href=\"https:\/\/colombiaventura.co\/en\/rediscovering-the-natural-destinations-of-antioquia\/\" target=\"_self\">Read more<\/a><\/div>    \n  <\/div>\n  \n    \n<\/div>\n<div id=\"uc_uc_card_post_carousel_elementor_57897bd_item4\" class=\"uc_image_carousel_container_holder ue_post_carousel_item ue-Sin categor\u00eda\">\n  <div class=\"uc_image_carousel_placeholder\">\n    <a href=\"https:\/\/colombiaventura.co\/en\/the-transformation-of-tourism-in-medellin\/\"><div class=\"uc_image_carousel_bg\" style=\"background-image:url(https:\/\/colombiaventura.co\/wp-content\/uploads\/2025\/07\/turismo.webp); background-position:center;\"><\/div><\/a>\n  <\/div>\n\n  <div class=\"uc_image_carousel_content\" >\n    <div class=\"ue_post_category\"><a href=\"https:\/\/colombiaventura.co\/en\/category\/sin-categoria\/\">Sin categor\u00eda<\/a><\/div>            <a href=\"https:\/\/colombiaventura.co\/en\/the-transformation-of-tourism-in-medellin\/\" style=\"text-decoration:none;\"><div class=\"uc_post_title\" style=\"text-decoration:none;\">The Transformation of Tourism in Medell\u00edn<\/div><\/a>    <div class=\"ue_post_intro\">The Transformation of Tourism in Medell\u00edn: from Stigmatized City to Global Destination For decades, Medell\u00edn...<\/div>    \n    <div class=\"ue_post_btn_holder\"><a class=\"uc_more_btn ue-dynamic-popup-single \" href='https:\/\/colombiaventura.co\/en\/the-transformation-of-tourism-in-medellin\/' href=\"https:\/\/colombiaventura.co\/en\/the-transformation-of-tourism-in-medellin\/\" target=\"_self\">Read more<\/a><\/div>    \n  <\/div>\n  \n    \n<\/div>\n\n   <\/div>\t\n<\/div>\n\n<!-- end Post Carousel Lite -->\t\t\t\t<\/div>\n\t\t\t\t<\/div>\n\t\t\t\t<\/div>\n\t\t\t\t<\/div>\n\t\t","protected":false},"excerpt":{"rendered":"<p>Blog Your Travel Guide Through Colombia Sin categor\u00eda Destinos Imperdibles en Antioquia: Naturaleza, Cultura y Tradici\u00f3n en Cada Rinc\u00f3n Antioquia, uno de los departamentos m\u00e1s diversos de Colombia, es mucho m\u00e1s que Medell\u00edn. Desde pueblos&#8230; Read more Sin categor\u00eda La Revoluci\u00f3n Gastron\u00f3mica en el Eje Cafetero El Eje Cafetero colombiano \u2014compuesto por los departamentos de [&hellip;]<\/p>\n","protected":false},"author":1,"featured_media":0,"parent":0,"menu_order":0,"comment_status":"closed","ping_status":"closed","template":"elementor_header_footer","meta":{"_joinchat":[],"footnotes":""},"class_list":["post-429","page","type-page","status-publish","hentry"],"_links":{"self":[{"href":"https:\/\/colombiaventura.co\/en\/wp-json\/wp\/v2\/pages\/429","targetHints":{"allow":["GET"]}}],"collection":[{"href":"https:\/\/colombiaventura.co\/en\/wp-json\/wp\/v2\/pages"}],"about":[{"href":"https:\/\/colombiaventura.co\/en\/wp-json\/wp\/v2\/types\/page"}],"author":[{"embeddable":true,"href":"https:\/\/colombiaventura.co\/en\/wp-json\/wp\/v2\/users\/1"}],"replies":[{"embeddable":true,"href":"https:\/\/colombiaventura.co\/en\/wp-json\/wp\/v2\/comments?post=429"}],"version-history":[{"count":1,"href":"https:\/\/colombiaventura.co\/en\/wp-json\/wp\/v2\/pages\/429\/revisions"}],"predecessor-version":[{"id":431,"href":"https:\/\/colombiaventura.co\/en\/wp-json\/wp\/v2\/pages\/429\/revisions\/431"}],"wp:attachment":[{"href":"https:\/\/colombiaventura.co\/en\/wp-json\/wp\/v2\/media?parent=429"}],"curies":[{"name":"wp","href":"https:\/\/api.w.org\/{rel}","templated":true}]}}